{"id":2440,"date":"2021-05-01T12:02:25","date_gmt":"2021-05-01T12:02:25","guid":{"rendered":"https:\/\/wpmanstage.com\/rjoeno\/a-propos\/"},"modified":"2021-12-13T18:49:51","modified_gmt":"2021-12-13T22:49:51","slug":"about","status":"publish","type":"page","link":"https:\/\/rjoenology.com\/en\/about\/","title":{"rendered":"About"},"content":{"rendered":"\t\t<div data-elementor-type=\"wp-page\" data-elementor-id=\"2440\" class=\"elementor elementor-2440 elementor-19\" data-elementor-post-type=\"page\">\n\t\t\t\t\t\t<section data-particle_enable=\"false\" data-particle-mobile-disabled=\"false\" class=\"elementor-section elementor-top-section elementor-element elementor-element-45fa3fd7 elementor-section-full_width elementor-section-stretched elementor-section-height-default elementor-section-height-default\" data-id=\"45fa3fd7\" data-element_type=\"section\" data-e-type=\"section\" data-settings=\"{&quot;stretch_section&quot;:&quot;section-stretched&quot;}\">\n\t\t\t\t\t\t<div class=\"elementor-container elementor-column-gap-default\">\n\t\t\t\t\t<div class=\"elementor-column elementor-col-100 elementor-top-column elementor-element elementor-element-5c2007b3\" data-id=\"5c2007b3\" data-element_type=\"column\" data-e-type=\"column\">\n\t\t\t<div class=\"elementor-widget-wrap elementor-element-populated\">\n\t\t\t\t\t\t<div class=\"elementor-element elementor-element-3fae6f18 elementor-fixed elementor-widget__width-initial elementor-widget-mobile__width-initial elementor-invisible elementor-widget elementor-widget-image\" data-id=\"3fae6f18\" data-element_type=\"widget\" data-e-type=\"widget\" data-settings=\"{&quot;_animation&quot;:&quot;slideInLeft&quot;,&quot;_position&quot;:&quot;fixed&quot;}\" data-widget_type=\"image.default\">\n\t\t\t\t<div class=\"elementor-widget-container\">\n\t\t\t\t\t\t\t\t\t\t\t\t\t\t\t\t<a href=\"#elementor-action%3Aaction%3Dpopup%3Aopen%26settings%3DeyJpZCI6MjgyOCwidG9nZ2xlIjpmYWxzZX0%3D\">\n\t\t\t\t\t\t\t<img decoding=\"async\" width=\"200\" height=\"200\" src=\"https:\/\/rjoenology.com\/wp-content\/uploads\/2021\/05\/Outils-oenologiques-rond.png\" class=\"elementor-animation-grow attachment-full size-full wp-image-2336\" alt=\"\" srcset=\"https:\/\/rjoenology.com\/wp-content\/uploads\/2021\/05\/Outils-oenologiques-rond.png 200w, https:\/\/rjoenology.com\/wp-content\/uploads\/2021\/05\/Outils-oenologiques-rond-150x150.png 150w\" sizes=\"(max-width: 200px) 100vw, 200px\" \/>\t\t\t\t\t\t\t\t<\/a>\n\t\t\t\t\t\t\t\t\t\t\t\t\t\t\t<\/div>\n\t\t\t\t<\/div>\n\t\t\t\t\t<\/div>\n\t\t<\/div>\n\t\t\t\t\t<\/div>\n\t\t<\/section>\n\t\t\t\t<section data-particle_enable=\"false\" data-particle-mobile-disabled=\"false\" class=\"elementor-section elementor-top-section elementor-element elementor-element-14e414a elementor-section-content-middle elementor-section-boxed elementor-section-height-default elementor-section-height-default\" data-id=\"14e414a\" data-element_type=\"section\" data-e-type=\"section\">\n\t\t\t\t\t\t<div class=\"elementor-container elementor-column-gap-default\">\n\t\t\t\t\t\t<\/div>\n\t\t<\/section>\n\t\t\t\t<section data-particle_enable=\"false\" data-particle-mobile-disabled=\"false\" class=\"elementor-section elementor-top-section elementor-element elementor-element-f8d27c6 elementor-section-boxed elementor-section-height-default elementor-section-height-default\" data-id=\"f8d27c6\" data-element_type=\"section\" data-e-type=\"section\">\n\t\t\t\t\t\t<div class=\"elementor-container elementor-column-gap-default\">\n\t\t\t\t\t<div class=\"elementor-column elementor-col-50 elementor-top-column elementor-element elementor-element-7acda11\" data-id=\"7acda11\" data-element_type=\"column\" data-e-type=\"column\">\n\t\t\t<div class=\"elementor-widget-wrap elementor-element-populated\">\n\t\t\t\t\t\t<div class=\"elementor-element elementor-element-069290d elementor-widget elementor-widget-eael-adv-accordion\" data-id=\"069290d\" data-element_type=\"widget\" data-e-type=\"widget\" data-widget_type=\"eael-adv-accordion.default\">\n\t\t\t\t<div class=\"elementor-widget-container\">\n\t\t\t\t\t            <div class=\"eael-adv-accordion\" id=\"eael-adv-accordion-069290d\" data-scroll-on-click=\"no\" data-scroll-speed=\"300\" data-accordion-id=\"069290d\" data-accordion-type=\"accordion\" data-toogle-speed=\"300\">\n            <div class=\"eael-accordion-list\">\n\t\t\t\t\t<div id=\"our-path\" class=\"elementor-tab-title eael-accordion-header\" tabindex=\"0\" data-tab=\"1\" aria-controls=\"elementor-tab-content-6891\"><span class=\"eael-advanced-accordion-icon-closed\"><i aria-hidden=\"true\" class=\"fa-accordion-icon fas fa-plus\"><\/i><\/span><span class=\"eael-advanced-accordion-icon-opened\"><i aria-hidden=\"true\" class=\"fa-accordion-icon fas fa-minus\"><\/i><\/span><h2 class=\"eael-accordion-tab-title\">Our path<\/h2><i aria-hidden=\"true\" class=\"fa-toggle fas fa-angle-right\"><\/i><\/div><div id=\"elementor-tab-content-6891\" class=\"eael-accordion-content clearfix\" data-tab=\"1\" aria-labelledby=\"our-path\"><strong>RJ \u0152NOLOGY<\/strong>\n<ul>\n \t<li>Has been accompanying Canadian wineries since 2007 and supporting them in their\u00a0development by promoting the winemaker\u2019s vision.<\/li>\n \t<li>Has surrounded itself with internationally recognized suppliers :\n<ul>\n \t<li style=\"list-style-type: none\">\n<ul>\n \t<li>\u0152nological products,<\/li>\n \t<li>French oak barrels,<\/li>\n \t<li>Concrete vats.<\/li>\n<\/ul>\n<\/li>\n<\/ul>\n<\/li>\n<\/ul>\n<strong>RJ \u0152NOLOGY<\/strong>\n<ul>\n \t<li>Offers a range of products adapted to the particularities of Canadian vineyards, in particular for ice wines, ice ciders and sparkling products,<\/li>\n \t<li>Guarantees high quality products, GMO-free, allergen-free, tested and approved in Canada,<\/li>\n \t<li>Provides \u0153nological support thanks to its qualified \u0153nologists and the \u0152NOSCIENCE analysis laboratory,<\/li>\n \t<li>Offers fast and efficient delivery.<\/li>\n<\/ul><\/div>\n\t\t\t\t\t<\/div><div class=\"eael-accordion-list\">\n\t\t\t\t\t<div id=\"our-approach\" class=\"elementor-tab-title eael-accordion-header\" tabindex=\"0\" data-tab=\"2\" aria-controls=\"elementor-tab-content-6892\"><span class=\"eael-advanced-accordion-icon-closed\"><i aria-hidden=\"true\" class=\"fa-accordion-icon fas fa-plus\"><\/i><\/span><span class=\"eael-advanced-accordion-icon-opened\"><i aria-hidden=\"true\" class=\"fa-accordion-icon fas fa-minus\"><\/i><\/span><h2 class=\"eael-accordion-tab-title\">Our approach<\/h2><i aria-hidden=\"true\" class=\"fa-toggle fas fa-angle-right\"><\/i><\/div><div id=\"elementor-tab-content-6892\" class=\"eael-accordion-content clearfix\" data-tab=\"2\" aria-labelledby=\"our-approach\"><p><strong>TECHNICAL SUPPORT<\/strong><\/p><p>Our willingness to provide solid technical support is our priority. It is one of the keys to our success, since from Quebec it has also spread to all Canadian wine regions; from the vineyards of Niagara to those of the Okanagan to Nova Scotia.<\/p><p>RJ \u0152NOLOGY graduate \u0153nologists provide :<\/p><ul><li>their in-depth knowledge of the range of products offered and experience in its use,<\/li><li>a global vision of the sector.<\/li><\/ul><p>In addition, the close relationship with Sofralab \u0153nologists makes it possible to adapt this range of products to certain peculiarities of Canadian vineyards, in particular for ice and sparkling products.<\/p><p><strong><br \/>PREVENTION<\/strong><\/p><p>RJ \u0152NOLOGY has always put forward an \u0153nology that respects the raw material and the intrinsic quality of both wines and ciders, that is to say preventive \u0153nology:<\/p><ul><li>a quality product is produced above all in the field, with healthy and ripe raw materials,<\/li><li>a quality product is also developed with the help of perfect knowledge of winemaking and hygiene processes.<\/li><\/ul><p><strong>TESTS<\/strong><\/p><p>In its development, serious technical support always takes into account the history of the winemaking stages while respecting the vision of winemaker.<br \/>With this in mind, we always recommend carrying out tests prior to any use of \u0153nological products, in order to optimize their effectiveness and thus improve the quality of the final product.<\/p><\/div>\n\t\t\t\t\t<\/div><\/div>\t\t\t\t<\/div>\n\t\t\t\t<\/div>\n\t\t\t\t<div class=\"elementor-element elementor-element-89fcf62 elementor-widget elementor-widget-image\" data-id=\"89fcf62\" data-element_type=\"widget\" data-e-type=\"widget\" data-widget_type=\"image.default\">\n\t\t\t\t<div class=\"elementor-widget-container\">\n\t\t\t\t\t\t\t\t\t\t\t\t\t\t\t<img fetchpriority=\"high\" decoding=\"async\" width=\"768\" height=\"556\" src=\"https:\/\/rjoenology.com\/wp-content\/uploads\/2021\/09\/MAP-1.png\" class=\"attachment-medium_large size-medium_large wp-image-2614\" alt=\"\" srcset=\"https:\/\/rjoenology.com\/wp-content\/uploads\/2021\/09\/MAP-1.png 768w, https:\/\/rjoenology.com\/wp-content\/uploads\/2021\/09\/MAP-1-300x217.png 300w\" sizes=\"(max-width: 768px) 100vw, 768px\" \/>\t\t\t\t\t\t\t\t\t\t\t\t\t\t\t<\/div>\n\t\t\t\t<\/div>\n\t\t\t\t\t<\/div>\n\t\t<\/div>\n\t\t\t\t<div class=\"elementor-column elementor-col-50 elementor-top-column elementor-element elementor-element-6352b2a\" data-id=\"6352b2a\" data-element_type=\"column\" data-e-type=\"column\">\n\t\t\t<div class=\"elementor-widget-wrap elementor-element-populated\">\n\t\t\t\t\t\t<div class=\"elementor-element elementor-element-bb545a3 elementor-widget elementor-widget-heading\" data-id=\"bb545a3\" data-element_type=\"widget\" data-e-type=\"widget\" data-widget_type=\"heading.default\">\n\t\t\t\t<div class=\"elementor-widget-container\">\n\t\t\t\t\t<h2 class=\"elementor-heading-title elementor-size-default\"><b>Questions &amp; Orders<\/b><\/h2>\t\t\t\t<\/div>\n\t\t\t\t<\/div>\n\t\t\t\t<section data-particle_enable=\"false\" data-particle-mobile-disabled=\"false\" class=\"elementor-section elementor-inner-section elementor-element elementor-element-3ce2a70 elementor-section-boxed elementor-section-height-default elementor-section-height-default\" data-id=\"3ce2a70\" data-element_type=\"section\" data-e-type=\"section\">\n\t\t\t\t\t\t<div class=\"elementor-container elementor-column-gap-default\">\n\t\t\t\t\t<div class=\"elementor-column elementor-col-50 elementor-inner-column elementor-element elementor-element-aedd3a5\" data-id=\"aedd3a5\" data-element_type=\"column\" data-e-type=\"column\">\n\t\t\t<div class=\"elementor-widget-wrap elementor-element-populated\">\n\t\t\t\t\t\t<div class=\"elementor-element elementor-element-43a44ca elementor-widget elementor-widget-heading\" data-id=\"43a44ca\" data-element_type=\"widget\" data-e-type=\"widget\" data-widget_type=\"heading.default\">\n\t\t\t\t<div class=\"elementor-widget-container\">\n\t\t\t\t\t<h2 class=\"elementor-heading-title elementor-size-default\"><span data-elementor-setting-key=\"title\" data-pen-placeholder=\"\u00c9crivez ici...\" style=\"line-height: 1.2\"><font color=\"#e12f1d\"><b>== == == == == ==<\/b><\/font><\/span><span data-elementor-setting-key=\"title\" data-pen-placeholder=\"\u00c9crivez ici...\" style=\"line-height: 1.2\"> <\/span><br><br><b><a href=\"mailto:commande@rjoenology.com\">commande@rjoenology.com<\/a><\/b><br><br><b>Camille Roux<\/b> <br>Products &amp; Logistic Manager<\/h2>\t\t\t\t<\/div>\n\t\t\t\t<\/div>\n\t\t\t\t<div class=\"elementor-element elementor-element-ec2cc0c elementor-widget elementor-widget-image\" data-id=\"ec2cc0c\" data-element_type=\"widget\" data-e-type=\"widget\" data-widget_type=\"image.default\">\n\t\t\t\t<div class=\"elementor-widget-container\">\n\t\t\t\t\t\t\t\t\t\t\t\t\t\t\t<img decoding=\"async\" width=\"262\" height=\"392\" src=\"https:\/\/rjoenology.com\/wp-content\/uploads\/2021\/06\/Camille.png\" class=\"attachment-large size-large wp-image-2377\" alt=\"\" srcset=\"https:\/\/rjoenology.com\/wp-content\/uploads\/2021\/06\/Camille.png 262w, https:\/\/rjoenology.com\/wp-content\/uploads\/2021\/06\/Camille-201x300.png 201w\" sizes=\"(max-width: 262px) 100vw, 262px\" \/>\t\t\t\t\t\t\t\t\t\t\t\t\t\t\t<\/div>\n\t\t\t\t<\/div>\n\t\t\t\t\t<\/div>\n\t\t<\/div>\n\t\t\t\t<div class=\"elementor-column elementor-col-50 elementor-inner-column elementor-element elementor-element-2ea3ff9\" data-id=\"2ea3ff9\" data-element_type=\"column\" data-e-type=\"column\">\n\t\t\t<div class=\"elementor-widget-wrap elementor-element-populated\">\n\t\t\t\t\t\t<div class=\"elementor-element elementor-element-990138a elementor-widget elementor-widget-heading\" data-id=\"990138a\" data-element_type=\"widget\" data-e-type=\"widget\" data-widget_type=\"heading.default\">\n\t\t\t\t<div class=\"elementor-widget-container\">\n\t\t\t\t\t<h2 class=\"elementor-heading-title elementor-size-default\"><span data-elementor-setting-key=\"title\" data-pen-placeholder=\"\u00c9crivez ici...\" style=\"line-height: 1.2\"><span data-elementor-setting-key=\"title\" data-pen-placeholder=\"\u00c9crivez ici...\" style=\"line-height: 1.2\"><span><span style=\"font-weight: 700\">== British Columbia ==<\/span><\/span><\/span><\/span><br><br><b><a href=\"mailto:commande@rjoenology.com\">nphillips@rjoenology.com<\/a><\/b><br><br><b>Nathan Phillips<\/b> <br>Technical Sales<br><br><\/h2>\t\t\t\t<\/div>\n\t\t\t\t<\/div>\n\t\t\t\t\t<\/div>\n\t\t<\/div>\n\t\t\t\t\t<\/div>\n\t\t<\/section>\n\t\t\t\t\t<\/div>\n\t\t<\/div>\n\t\t\t\t\t<\/div>\n\t\t<\/section>\n\t\t\t\t<section data-particle_enable=\"false\" data-particle-mobile-disabled=\"false\" class=\"elementor-section elementor-top-section elementor-element elementor-element-e912210 elementor-section-boxed elementor-section-height-default elementor-section-height-default\" data-id=\"e912210\" data-element_type=\"section\" data-e-type=\"section\">\n\t\t\t\t\t\t<div class=\"elementor-container elementor-column-gap-default\">\n\t\t\t\t\t<div class=\"elementor-column elementor-col-33 elementor-top-column elementor-element elementor-element-fc9ec58\" data-id=\"fc9ec58\" data-element_type=\"column\" data-e-type=\"column\">\n\t\t\t<div class=\"elementor-widget-wrap elementor-element-populated\">\n\t\t\t\t\t\t<div id=\"eael-section-tooltip-000ec81\" class=\"eael-section-tooltip elementor-element elementor-element-000ec81 elementor-widget elementor-widget-image\" data-id=\"000ec81\" data-element_type=\"widget\" data-e-type=\"widget\" data-settings=\"{&quot;eael_tooltip_section_content&quot;:&quot;Entrepreneurs en action!&quot;,&quot;eael_tooltip_section_position&quot;:&quot;top&quot;,&quot;eael_tooltip_section_animation&quot;:&quot;scale&quot;,&quot;eael_tooltip_section_arrow&quot;:true,&quot;eael_tooltip_section_arrow_type&quot;:&quot;sharp&quot;,&quot;eael_tooltip_section_follow_cursor&quot;:&quot;false&quot;,&quot;eael_tooltip_section_trigger&quot;:&quot;mouseenter&quot;,&quot;eael_tooltip_section_duration&quot;:300,&quot;eael_tooltip_section_delay&quot;:400,&quot;eael_tooltip_section_size&quot;:&quot;regular&quot;}\" data-widget_type=\"image.default\">\n\t\t\n            <script>\n                jQuery(window).on('elementor\/frontend\/init elementor\/popup\/show', function() {\n                    var $currentTooltip = '#eael-section-tooltip-000ec81';\n\n                    if (typeof tippy !== 'undefined') {\n                        tippy($currentTooltip, {\n                            content: 'Entrepreneurs en action!',\n                            placement: 'top',\n                            animation: 'scale',\n                            arrow: '1',\n                            arrowType: 'sharp',\n                            duration: '300',\n                            distance: '10',\n                            delay: '400',\n                            size: 'regular',\n                            trigger: 'mouseenter focus',\n                            animateFill: false,\n                            flip: true,\n                            flipOnUpdate: true,\n                            interactive: true,\n                            flipBehavior: 'flip',\n                            maxWidth: 350,\n                            zIndex: 99999,\n                            followCursor: false,\n                            onShow(instance) {\n                                var tippyPopper = instance.popper;\n                                jQuery(tippyPopper).attr('data-tippy-popper-id', '000ec81');\n                            }\n                        });\n                    }\n                });\n            <\/script>\n        \t\t<div class=\"elementor-widget-container\">\n\t\t\t\t\t\t\t\t\t\t\t\t\t\t\t<img decoding=\"async\" src=\"https:\/\/rjoenology.com\/wp-content\/uploads\/elementor\/thumbs\/logo-laureat-5e-edition-concours-entrepreneurs-en-action-copie-qq1bc21ixfvdvi6sji1s02gods9hwy54j9e0cjsfh0.jpg\" title=\"logo-laureat-5e-edition-concours-entrepreneurs-en-action-copie\" alt=\"Logo du concours entrepreneurs en action (CDEC)\" loading=\"lazy\" \/>\t\t\t\t\t\t\t\t\t\t\t\t\t\t\t<\/div>\n\t\t\t\t<\/div>\n\t\t\t\t\t<\/div>\n\t\t<\/div>\n\t\t\t\t<div class=\"elementor-column elementor-col-33 elementor-top-column elementor-element elementor-element-2d52987\" data-id=\"2d52987\" data-element_type=\"column\" data-e-type=\"column\">\n\t\t\t<div class=\"elementor-widget-wrap elementor-element-populated\">\n\t\t\t\t\t\t<div id=\"eael-section-tooltip-5df7867\" class=\"eael-section-tooltip elementor-element elementor-element-5df7867 elementor-widget elementor-widget-image\" data-id=\"5df7867\" data-element_type=\"widget\" data-e-type=\"widget\" data-settings=\"{&quot;eael_tooltip_section_content&quot;:&quot;Montr\\u00e9al Inc.&quot;,&quot;eael_tooltip_section_position&quot;:&quot;top&quot;,&quot;eael_tooltip_section_animation&quot;:&quot;scale&quot;,&quot;eael_tooltip_section_arrow&quot;:true,&quot;eael_tooltip_section_arrow_type&quot;:&quot;sharp&quot;,&quot;eael_tooltip_section_follow_cursor&quot;:&quot;false&quot;,&quot;eael_tooltip_section_trigger&quot;:&quot;mouseenter&quot;,&quot;eael_tooltip_section_duration&quot;:300,&quot;eael_tooltip_section_delay&quot;:400,&quot;eael_tooltip_section_size&quot;:&quot;regular&quot;}\" data-widget_type=\"image.default\">\n\t\t\n            <script>\n                jQuery(window).on('elementor\/frontend\/init elementor\/popup\/show', function() {\n                    var $currentTooltip = '#eael-section-tooltip-5df7867';\n\n                    if (typeof tippy !== 'undefined') {\n                        tippy($currentTooltip, {\n                            content: 'Montr\u00e9al Inc.',\n                            placement: 'top',\n                            animation: 'scale',\n                            arrow: '1',\n                            arrowType: 'sharp',\n                            duration: '300',\n                            distance: '10',\n                            delay: '400',\n                            size: 'regular',\n                            trigger: 'mouseenter focus',\n                            animateFill: false,\n                            flip: true,\n                            flipOnUpdate: true,\n                            interactive: true,\n                            flipBehavior: 'flip',\n                            maxWidth: 350,\n                            zIndex: 99999,\n                            followCursor: false,\n                            onShow(instance) {\n                                var tippyPopper = instance.popper;\n                                jQuery(tippyPopper).attr('data-tippy-popper-id', '5df7867');\n                            }\n                        });\n                    }\n                });\n            <\/script>\n        \t\t<div class=\"elementor-widget-container\">\n\t\t\t\t\t\t\t\t\t\t\t\t\t\t\t\t<a href=\"https:\/\/www.montrealinc.ca\/en\/the-foundation\/\" target=\"_blank\">\n\t\t\t\t\t\t\t<img decoding=\"async\" src=\"https:\/\/rjoenology.com\/wp-content\/uploads\/elementor\/thumbs\/fmmj-qq1bc13orx76wfo64k2hhuv60px2v04v6a9vnijjg2.png\" title=\"fmmj\" alt=\"fmmj\" loading=\"lazy\" \/>\t\t\t\t\t\t\t\t<\/a>\n\t\t\t\t\t\t\t\t\t\t\t\t\t\t\t<\/div>\n\t\t\t\t<\/div>\n\t\t\t\t\t<\/div>\n\t\t<\/div>\n\t\t\t\t<div class=\"elementor-column elementor-col-33 elementor-top-column elementor-element elementor-element-6ddba77\" data-id=\"6ddba77\" data-element_type=\"column\" data-e-type=\"column\">\n\t\t\t<div class=\"elementor-widget-wrap elementor-element-populated\">\n\t\t\t\t\t\t<div id=\"eael-section-tooltip-4ecb189\" class=\"eael-section-tooltip elementor-element elementor-element-4ecb189 elementor-widget elementor-widget-image\" data-id=\"4ecb189\" data-element_type=\"widget\" data-e-type=\"widget\" data-settings=\"{&quot;eael_tooltip_section_content&quot;:&quot;Canadian Youth Business Fondation&quot;,&quot;eael_tooltip_section_position&quot;:&quot;top&quot;,&quot;eael_tooltip_section_animation&quot;:&quot;scale&quot;,&quot;eael_tooltip_section_arrow&quot;:true,&quot;eael_tooltip_section_arrow_type&quot;:&quot;sharp&quot;,&quot;eael_tooltip_section_follow_cursor&quot;:&quot;false&quot;,&quot;eael_tooltip_section_trigger&quot;:&quot;mouseenter&quot;,&quot;eael_tooltip_section_duration&quot;:300,&quot;eael_tooltip_section_delay&quot;:400,&quot;eael_tooltip_section_size&quot;:&quot;regular&quot;}\" data-widget_type=\"image.default\">\n\t\t\n            <script>\n                jQuery(window).on('elementor\/frontend\/init elementor\/popup\/show', function() {\n                    var $currentTooltip = '#eael-section-tooltip-4ecb189';\n\n                    if (typeof tippy !== 'undefined') {\n                        tippy($currentTooltip, {\n                            content: 'Canadian Youth Business Fondation',\n                            placement: 'top',\n                            animation: 'scale',\n                            arrow: '1',\n                            arrowType: 'sharp',\n                            duration: '300',\n                            distance: '10',\n                            delay: '400',\n                            size: 'regular',\n                            trigger: 'mouseenter focus',\n                            animateFill: false,\n                            flip: true,\n                            flipOnUpdate: true,\n                            interactive: true,\n                            flipBehavior: 'flip',\n                            maxWidth: 350,\n                            zIndex: 99999,\n                            followCursor: false,\n                            onShow(instance) {\n                                var tippyPopper = instance.popper;\n                                jQuery(tippyPopper).attr('data-tippy-popper-id', '4ecb189');\n                            }\n                        });\n                    }\n                });\n            <\/script>\n        \t\t<div class=\"elementor-widget-container\">\n\t\t\t\t\t\t\t\t\t\t\t\t\t\t\t\t<a href=\"https:\/\/www.futurpreneur.ca\/en\/2011\/cybf-15-years\/\" target=\"_blank\">\n\t\t\t\t\t\t\t<img loading=\"lazy\" decoding=\"async\" width=\"300\" height=\"69\" src=\"https:\/\/rjoenology.com\/wp-content\/uploads\/2021\/09\/futurpreneur_main_logo_web_color@2x-300x69.png\" class=\"attachment-medium size-medium wp-image-2765\" alt=\"\" srcset=\"https:\/\/rjoenology.com\/wp-content\/uploads\/2021\/09\/futurpreneur_main_logo_web_color@2x-300x69.png 300w, https:\/\/rjoenology.com\/wp-content\/uploads\/2021\/09\/futurpreneur_main_logo_web_color@2x-1024x234.png 1024w, https:\/\/rjoenology.com\/wp-content\/uploads\/2021\/09\/futurpreneur_main_logo_web_color@2x-768x176.png 768w, https:\/\/rjoenology.com\/wp-content\/uploads\/2021\/09\/futurpreneur_main_logo_web_color@2x-1536x352.png 1536w, https:\/\/rjoenology.com\/wp-content\/uploads\/2021\/09\/futurpreneur_main_logo_web_color@2x.png 2000w\" sizes=\"(max-width: 300px) 100vw, 300px\" \/>\t\t\t\t\t\t\t\t<\/a>\n\t\t\t\t\t\t\t\t\t\t\t\t\t\t\t<\/div>\n\t\t\t\t<\/div>\n\t\t\t\t\t<\/div>\n\t\t<\/div>\n\t\t\t\t\t<\/div>\n\t\t<\/section>\n\t\t\t\t<\/div>\n\t\t","protected":false},"excerpt":{"rendered":"<p>Our path RJ \u0152NOLOGY Has been accompanying Canadian wineries since 2007 and supporting them in their\u00a0development by promoting the winemaker\u2019s vision. Has surrounded itself with internationally recognized suppliers : \u0152nological products, French oak barrels, Concrete vats. RJ \u0152NOLOGY Offers a range of products adapted to the particularities of Canadian vineyards, in particular for ice wines, [&hellip;]<\/p>\n","protected":false},"author":1,"featured_media":0,"parent":0,"menu_order":0,"comment_status":"closed","ping_status":"closed","template":"","meta":{"om_disable_all_campaigns":false,"_monsterinsights_skip_tracking":false,"_monsterinsights_sitenote_active":false,"_monsterinsights_sitenote_note":"","_monsterinsights_sitenote_category":0,"_uf_show_specific_survey":0,"_uf_disable_surveys":false,"footnotes":""},"class_list":["post-2440","page","type-page","status-publish","hentry","wpbf-post"],"aioseo_notices":[],"_links":{"self":[{"href":"https:\/\/rjoenology.com\/en\/wp-json\/wp\/v2\/pages\/2440","targetHints":{"allow":["GET"]}}],"collection":[{"href":"https:\/\/rjoenology.com\/en\/wp-json\/wp\/v2\/pages"}],"about":[{"href":"https:\/\/rjoenology.com\/en\/wp-json\/wp\/v2\/types\/page"}],"author":[{"embeddable":true,"href":"https:\/\/rjoenology.com\/en\/wp-json\/wp\/v2\/users\/1"}],"replies":[{"embeddable":true,"href":"https:\/\/rjoenology.com\/en\/wp-json\/wp\/v2\/comments?post=2440"}],"version-history":[{"count":86,"href":"https:\/\/rjoenology.com\/en\/wp-json\/wp\/v2\/pages\/2440\/revisions"}],"predecessor-version":[{"id":3588,"href":"https:\/\/rjoenology.com\/en\/wp-json\/wp\/v2\/pages\/2440\/revisions\/3588"}],"wp:attachment":[{"href":"https:\/\/rjoenology.com\/en\/wp-json\/wp\/v2\/media?parent=2440"}],"curies":[{"name":"wp","href":"https:\/\/api.w.org\/{rel}","templated":true}]}}